{"id":83245,"date":"2026-01-14T21:17:12","date_gmt":"2026-01-14T20:17:12","guid":{"rendered":"https:\/\/www.dekolonialestadtfuehrung.de\/?post_type=product&#038;p=83245"},"modified":"2026-04-05T00:52:01","modified_gmt":"2026-04-04T22:52:01","slug":"visita-decolonial-hamburgo-la-historia-contada-de-nuevo","status":"publish","type":"product","link":"https:\/\/www.dekolonialestadtfuehrung.de\/es\/produkt\/dekoloniale-stadttour-hamburg-geschichte-neu-erzaehlt\/","title":{"rendered":"Visita decolonial de Hamburgo: la historia contada de nuevo"},"content":{"rendered":"<div class=\"relative basis-auto flex-col -mb-(--composer-overlap-px) [--composer-overlap-px:28px] grow flex\">\n<div class=\"flex flex-col text-sm pb-25\">\n<article class=\"text-token-text-primary w-full focus:outline-none [--shadow-height:45px] has-data-writing-block:pointer-events-none has-data-writing-block:-mt-(--shadow-height) has-data-writing-block:pt-(--shadow-height) [&amp;:has([data-writing-block])&gt;*]:pointer-events-auto [content-visibility:auto] supports-[content-visibility:auto]:[contain-intrinsic-size:auto_100lvh] scroll-mt-[calc(var(--header-height)+min(200px,max(70px,20svh)))]\" dir=\"auto\" tabindex=\"-1\" data-turn-id=\"request-WEB:2af11a51-26bb-4d06-8933-b20c950be233-22\" data-testid=\"conversation-turn-2\" data-scroll-anchor=\"true\" data-turn=\"assistant\">\n<div class=\"text-base my-auto mx-auto pb-10 [--thread-content-margin:--spacing(4)] @w-sm\/main:[--thread-content-margin:--spacing(6)] @w-lg\/main:[--thread-content-margin:--spacing(16)] px-(--thread-content-margin)\">\n<div class=\"[--thread-content-max-width:40rem] @w-lg\/main:[--thread-content-max-width:48rem] mx-auto max-w-(--thread-content-max-width) flex-1 group\/turn-messages focus-visible:outline-hidden relative flex w-full min-w-0 flex-col agent-turn\" tabindex=\"-1\">\n<div class=\"flex max-w-full flex-col grow\">\n<div class=\"min-h-8 text-message relative flex w-full flex-col items-end gap-2 text-start break-words whitespace-normal [.text-message+&amp;]:mt-1\" dir=\"auto\" data-message-author-role=\"assistant\" data-message-id=\"b86dc0f2-4d88-462a-be08-1943e07eb253\" data-message-model-slug=\"gpt-5-2\">\n<div class=\"flex w-full flex-col gap-1 empty:hidden first:pt-[1px]\">\n<div class=\"markdown prose dark:prose-invert w-full break-words dark markdown-new-styling\">\n<p data-start=\"60\" data-end=\"326\">Entdecke Hamburg jenseits der bekannten Kaufmanns- und Hafenromantik. Unsere dekoloniale Stadttour l\u00e4dt dazu ein, die Stadt aus einer kritischen, vielstimmigen Perspektive kennenzulernen und ihre kolonialen Verflechtungen sichtbar zu machen \u2013 gestern wie heute.<\/p>\n<p data-start=\"328\" data-end=\"734\">Gemeinsam begeben wir uns auf einen Rundgang durch zentrale Orte Hamburgs, die eng mit Kolonialhandel, Ausbeutung und globalen Machtverh\u00e4ltnissen verbunden sind. Wir sprechen \u00fcber die Rolle Hamburger Kaufleute im Kolonialismus, \u00fcber rassistische Denkmuster, die bis in die Gegenwart wirken, sowie \u00fcber Widerstand, Selbsterm\u00e4chtigung und vergessene Geschichten von Menschen aus kolonisierten Gesellschaften.<\/p>\n<p data-start=\"736\" data-end=\"1025\">Die Tour verbindet historische Einordnung mit aktuellen Debatten: Wem geh\u00f6rt der \u00f6ffentliche Raum? Wie gehen wir mit kolonialen Stra\u00dfennamen, Denkm\u00e4lern und Museumsobjekten um? Und was bedeutet eine dekoloniale Perspektive f\u00fcr unser heutiges Zusammenleben in einer postmigrantischen Stadt?<\/p>\n<p data-start=\"1027\" data-end=\"1048\"><strong data-start=\"1027\" data-end=\"1048\">Das erwartet Sie:<\/strong><\/p>\n<ul data-start=\"1049\" data-end=\"1276\">\n<li data-start=\"1049\" data-end=\"1109\">\n<p data-start=\"1051\" data-end=\"1109\">Kritischer Stadtrundgang zu kolonialen Spuren in Hamburg<\/p>\n<\/li>\n<li data-start=\"1110\" data-end=\"1169\">\n<p data-start=\"1112\" data-end=\"1169\">Perspektiven von Betroffenen und Widerstandsgeschichten<\/p>\n<\/li>\n<li data-start=\"1170\" data-end=\"1230\">\n<p data-start=\"1172\" data-end=\"1230\">Einordnung kolonialer Kontinuit\u00e4ten bis in die Gegenwart<\/p>\n<\/li>\n<li data-start=\"1231\" data-end=\"1276\">\n<p data-start=\"1233\" data-end=\"1276\">Raum f\u00fcr Austausch, Fragen und Diskussion<\/p>\n<\/li>\n<\/ul>\n<p data-start=\"1278\" data-end=\"1477\"><strong data-start=\"1278\" data-end=\"1299\">F\u00fcr wen geeignet:<\/strong><br data-start=\"1299\" data-end=\"1302\" \/>F\u00fcr Einzelpersonen, Gruppen, Schulklassen, Studierende, Unternehmen und alle, die Hamburg differenziert, kritisch und neu entdecken m\u00f6chten \u2013 keine Vorkenntnisse erforderlich.<\/p>\n<p data-start=\"1479\" data-end=\"1628\" data-is-last-node=\"\" data-is-only-node=\"\">Erleben Sie Hamburg aus einer anderen Perspektive und werden Sie Teil einer notwendigen Auseinandersetzung mit Geschichte, Verantwortung und Zukunft.<\/p>\n<\/div>\n<\/div>\n<\/div>\n<\/div>\n<div class=\"z-0 flex min-h-[46px] justify-start\"><\/div>\n<div class=\"mt-3 w-full empty:hidden\">\n<div class=\"text-center\"><\/div>\n<\/div>\n<\/div>\n<\/div>\n<\/article>\n<\/div>\n<\/div>\n<div id=\"thread-bottom-container\" class=\"sticky bottom-0 group\/thread-bottom-container relative isolate z-10 w-full basis-auto has-data-has-thread-error:pt-2 has-data-has-thread-error:[box-shadow:var(--sharp-edge-bottom-shadow)] md:border-transparent md:pt-0 dark:border-white\/20 md:dark:border-transparent print:hidden content-fade single-line flex flex-col\">\n<div id=\"thread-bottom\">\n<div class=\"text-base mx-auto [--thread-content-margin:--spacing(4)] @w-sm\/main:[--thread-content-margin:--spacing(6)] @w-lg\/main:[--thread-content-margin:--spacing(16)] px-(--thread-content-margin)\">\n<div class=\"[--thread-content-max-width:40rem] @w-lg\/main:[--thread-content-max-width:48rem] mx-auto max-w-(--thread-content-max-width) flex-1 mb-4\">\n<div class=\"pointer-events-auto relative z-1 flex h-(--composer-container-height,100%) max-w-full flex-(--composer-container-flex,1) flex-col\">\n<form class=\"group\/composer w-full\" data-type=\"unified-composer\">\n<div class=\"\">\n<div class=\"bg-token-bg-primary corner-superellipse\/1.1 cursor-text overflow-clip bg-clip-padding p-2.5 contain-inline-size dark:bg-[#303030] grid grid-cols-[auto_1fr_auto] [grid-template-areas:'header_header_header'_'leading_primary_trailing'_'._footer_.'] group-data-expanded\/composer:[grid-template-areas:'header_header_header'_'primary_primary_primary'_'leading_footer_trailing'] shadow-short\">\n<div class=\"-my-2.5 flex min-h-14 items-center overflow-x-hidden px-1.5 [grid-area:primary] group-data-expanded\/composer:mb-0 group-data-expanded\/composer:px-2.5\">\n<div class=\"wcDTda_prosemirror-parent text-token-text-primary max-h-[max(30svh,5rem)] max-h-52 min-h-[var(--deep-research-composer-extra-height,unset)] flex-1 overflow-auto [scrollbar-width:thin] default-browser vertical-scroll-fade-mask\">\n<div id=\"prompt-textarea\" class=\"ProseMirror\" contenteditable=\"true\" translate=\"no\" data-virtualkeyboard=\"true\"><\/div>\n<\/div>\n<\/div>\n<\/div>\n<\/div>\n<\/form>\n<\/div>\n<\/div>\n<\/div>\n<\/div>\n<\/div>\n","protected":false},"excerpt":{"rendered":"<p data-start=\"55\" data-end=\"378\">Vea Hamburgo con otros ojos. En este recorrido decolonial, descubrir\u00e1 huellas coloniales ocultas y aprender\u00e1 c\u00f3mo el colonialismo, el racismo y las relaciones de poder globales siguen caracterizando a la ciudad hoy en d\u00eda. En lugar de datos \u00e1ridos, le esperan historias impresionantes, perspectivas olvidadas y emocionantes momentos \"aj\u00e1\".<\/p>\n<p data-start=\"380\" data-end=\"579\">Obtendr\u00e1 nuevas perspectivas de lugares familiares, oir\u00e1 hablar de resistencia y autocapacitaci\u00f3n y tendr\u00e1 espacio para el di\u00e1logo y las preguntas. Una visita que conmueve, invita a la reflexi\u00f3n y tiene un efecto duradero.<\/p>\n<p data-start=\"581\" data-end=\"690\" data-is-last-node=\"\" data-is-only-node=\"\"><strong data-start=\"584\" data-end=\"690\" data-is-last-node=\"\">Ideal para todos aquellos que quieran vivir Hamburgo de forma cr\u00edtica, consciente y m\u00e1s all\u00e1 de los cl\u00e1sicos recorridos por la ciudad.<\/strong><\/p>","protected":false},"featured_media":0,"comment_status":"open","ping_status":"closed","template":"","meta":{"_acf_changed":false},"product_brand":[],"product_cat":[71],"product_tag":[],"class_list":{"0":"post-83245","1":"product","2":"type-product","3":"status-publish","5":"product_cat-city-tour-germany","7":"first","8":"instock","9":"virtual","10":"sold-individually","11":"taxable","12":"purchasable","13":"product-type-booking"},"booking_location":"","booking_location_type":"","booking_duration":2,"booking_duration_unit":"hour","booking_buffer":1,"booking_cost":29,"booking_resources":[165251],"acf":[],"aioseo_notices":[],"_links":{"self":[{"href":"https:\/\/www.dekolonialestadtfuehrung.de\/es\/wp-json\/wp\/v2\/product\/83245","targetHints":{"allow":["GET"]}}],"collection":[{"href":"https:\/\/www.dekolonialestadtfuehrung.de\/es\/wp-json\/wp\/v2\/product"}],"about":[{"href":"https:\/\/www.dekolonialestadtfuehrung.de\/es\/wp-json\/wp\/v2\/types\/product"}],"replies":[{"embeddable":true,"href":"https:\/\/www.dekolonialestadtfuehrung.de\/es\/wp-json\/wp\/v2\/comments?post=83245"}],"wp:attachment":[{"href":"https:\/\/www.dekolonialestadtfuehrung.de\/es\/wp-json\/wp\/v2\/media?parent=83245"}],"wp:term":[{"taxonomy":"product_brand","embeddable":true,"href":"https:\/\/www.dekolonialestadtfuehrung.de\/es\/wp-json\/wp\/v2\/product_brand?post=83245"},{"taxonomy":"product_cat","embeddable":true,"href":"https:\/\/www.dekolonialestadtfuehrung.de\/es\/wp-json\/wp\/v2\/product_cat?post=83245"},{"taxonomy":"product_tag","embeddable":true,"href":"https:\/\/www.dekolonialestadtfuehrung.de\/es\/wp-json\/wp\/v2\/product_tag?post=83245"}],"curies":[{"name":"wp","href":"https:\/\/api.w.org\/{rel}","templated":true}]}}