{"id":7355,"date":"2023-02-01T23:30:44","date_gmt":"2023-02-01T22:30:44","guid":{"rendered":"https:\/\/www.dekolonialestadtfuehrung.de\/produkt\/voucher\/"},"modified":"2025-11-25T00:30:51","modified_gmt":"2025-11-24T23:30:51","slug":"cheque-regalo-digital","status":"publish","type":"product","link":"https:\/\/www.dekolonialestadtfuehrung.de\/es\/produkt\/geschenkgutschein-digital\/","title":{"rendered":"Cheque regalo digital"},"content":{"rendered":"<p>Descubra el fascinante mundo de las visitas a ciudades decoloniales con nuestros exclusivos bonos. Sum\u00e9rjase en la rica historia y cultura de la capital alemana de una forma completamente nueva. Nuestros experimentados gu\u00edas le llevar\u00e1n a usted y al destinatario en un emocionante viaje para descubrir las historias ocultas de los espacios p\u00fablicos de la ciudad.<\/p>\n<p>Nuestras excursiones son el regalo ideal para cualquier persona a la que le guste regalar o recibir tiempo de calidad.<\/p>\n<p>La fecha de la visita es de libre elecci\u00f3n. Compre el vale ahora y recibir\u00e1 un c\u00f3digo. Usted o la persona que reciba el vale podr\u00e1 canjear este c\u00f3digo durante el proceso de pago una vez que se haya determinado la fecha de participaci\u00f3n deseada.<\/p>\n<p>&nbsp;<\/p>","protected":false},"excerpt":{"rendered":"<p>Con nuestros vales, no s\u00f3lo estar\u00e1 regalando una experiencia \u00fanica, sino tambi\u00e9n la oportunidad de contemplar juntos el pasado y el presente de los distritos de nuestra ciudad desde una perspectiva decolonial. Es un regalo que no s\u00f3lo informa, sino que tambi\u00e9n inspira. Consiga ahora un vale y abra las puertas a una visita por la ciudad emocionante y enriquecedora que perdurar\u00e1 en el recuerdo.<\/p>\n<p>Introduzca el importe del vale deseado en el campo inferior.<\/p>","protected":false},"featured_media":28702,"comment_status":"closed","ping_status":"closed","template":"","meta":{"_acf_changed":false},"product_brand":[],"product_cat":[356],"product_tag":[],"class_list":{"0":"post-7355","1":"product","2":"type-product","3":"status-publish","4":"has-post-thumbnail","6":"product_cat-simple-product","8":"first","9":"instock","10":"downloadable","11":"virtual","12":"taxable","13":"purchasable","14":"product-type-simple"},"booking_location":null,"booking_location_type":null,"booking_duration":null,"booking_duration_unit":null,"booking_buffer":null,"booking_cost":null,"booking_resources":null,"acf":[],"aioseo_notices":[],"_links":{"self":[{"href":"https:\/\/www.dekolonialestadtfuehrung.de\/es\/wp-json\/wp\/v2\/product\/7355","targetHints":{"allow":["GET"]}}],"collection":[{"href":"https:\/\/www.dekolonialestadtfuehrung.de\/es\/wp-json\/wp\/v2\/product"}],"about":[{"href":"https:\/\/www.dekolonialestadtfuehrung.de\/es\/wp-json\/wp\/v2\/types\/product"}],"replies":[{"embeddable":true,"href":"https:\/\/www.dekolonialestadtfuehrung.de\/es\/wp-json\/wp\/v2\/comments?post=7355"}],"wp:featuredmedia":[{"embeddable":true,"href":"https:\/\/www.dekolonialestadtfuehrung.de\/es\/wp-json\/wp\/v2\/media\/28702"}],"wp:attachment":[{"href":"https:\/\/www.dekolonialestadtfuehrung.de\/es\/wp-json\/wp\/v2\/media?parent=7355"}],"wp:term":[{"taxonomy":"product_brand","embeddable":true,"href":"https:\/\/www.dekolonialestadtfuehrung.de\/es\/wp-json\/wp\/v2\/product_brand?post=7355"},{"taxonomy":"product_cat","embeddable":true,"href":"https:\/\/www.dekolonialestadtfuehrung.de\/es\/wp-json\/wp\/v2\/product_cat?post=7355"},{"taxonomy":"product_tag","embeddable":true,"href":"https:\/\/www.dekolonialestadtfuehrung.de\/es\/wp-json\/wp\/v2\/product_tag?post=7355"}],"curies":[{"name":"wp","href":"https:\/\/api.w.org\/{rel}","templated":true}]}}