{"id":31714,"date":"2024-09-05T20:50:44","date_gmt":"2024-09-05T18:50:44","guid":{"rendered":"https:\/\/www.dekolonialestadtfuehrung.de\/?post_type=product&#038;p=31714"},"modified":"2024-09-29T10:19:39","modified_gmt":"2024-09-29T08:19:39","slug":"mapa-digital-de-africa-el-verdadero-tamano-del-continente","status":"publish","type":"product","link":"https:\/\/www.dekolonialestadtfuehrung.de\/es\/produkt\/digitale-karte-von-afrika-die-wahre-groesse-des-kontinents\/","title":{"rendered":"Mapa digital de \u00c1frica - El tama\u00f1o del continente"},"content":{"rendered":"<p>Ideal para fines educativos, entusiastas de la geograf\u00eda y cualquiera que quiera ver el mapa del mundo con nuevos ojos. Perfecto para colegios, universidades o para viajeros y aventureros que quieran conocer mejor el continente.<\/p>\n<p>Sum\u00e9rjase en las dimensiones de uno de los continentes m\u00e1s diversos del mundo: \u00a1\u00c1frica es m\u00e1s grande de lo que cree!<\/p>\n<h3>Lo m\u00e1s destacado:<\/h3>\n<ul>\n<li><strong>Presentaci\u00f3n interactiva<\/strong> el tama\u00f1o real de \u00c1frica<\/li>\n<li>Comparaciones con pa\u00edses como <strong>China<\/strong>, <strong>India<\/strong>, <strong>EE.UU.<\/strong> y m\u00e1s<\/li>\n<li><strong>Representaci\u00f3n detallada<\/strong> de fronteras y pa\u00edses en \u00c1frica<\/li>\n<li><strong>Ideal para la ense\u00f1anza<\/strong> y para la formaci\u00f3n geogr\u00e1fica<\/li>\n<li><strong>Digital y de disponibilidad inmediata<\/strong> en todos los dispositivos<\/li>\n<li>Sin marca de agua<\/li>\n<\/ul>\n<p>&nbsp;<\/p>","protected":false},"excerpt":{"rendered":"<p>Descubra \u00c1frica en toda su dimensi\u00f3n Nuestra <strong>Mapa digital de \u00c1frica<\/strong> muestra de forma impresionante lo enorme que es realmente el continente africano. A menudo infravalorado, aqu\u00ed se pone de manifiesto que pa\u00edses enteros como <strong>China, India y EE.UU.<\/strong> caben f\u00e1cilmente en el \u00e1rea de \u00c1frica. Este mapa interactivo no s\u00f3lo ilustra el inmenso tama\u00f1o de \u00c1frica, sino que tambi\u00e9n invita a comprender de una forma nueva la relaci\u00f3n geogr\u00e1fica entre \u00c1frica y otras regiones del mundo.<\/p>","protected":false},"featured_media":31830,"comment_status":"closed","ping_status":"closed","template":"","meta":{"_acf_changed":false},"product_brand":[],"product_cat":[356,369],"product_tag":[],"class_list":{"0":"post-31714","1":"product","2":"type-product","3":"status-publish","4":"has-post-thumbnail","6":"product_cat-simple-product","7":"product_cat-digitale-produkte","9":"first","10":"instock","11":"downloadable","12":"virtual","13":"taxable","14":"purchasable","15":"product-type-simple"},"booking_location":null,"booking_location_type":null,"booking_duration":null,"booking_duration_unit":null,"booking_buffer":null,"booking_cost":null,"booking_resources":null,"acf":[],"aioseo_notices":[],"_links":{"self":[{"href":"https:\/\/www.dekolonialestadtfuehrung.de\/es\/wp-json\/wp\/v2\/product\/31714","targetHints":{"allow":["GET"]}}],"collection":[{"href":"https:\/\/www.dekolonialestadtfuehrung.de\/es\/wp-json\/wp\/v2\/product"}],"about":[{"href":"https:\/\/www.dekolonialestadtfuehrung.de\/es\/wp-json\/wp\/v2\/types\/product"}],"replies":[{"embeddable":true,"href":"https:\/\/www.dekolonialestadtfuehrung.de\/es\/wp-json\/wp\/v2\/comments?post=31714"}],"wp:featuredmedia":[{"embeddable":true,"href":"https:\/\/www.dekolonialestadtfuehrung.de\/es\/wp-json\/wp\/v2\/media\/31830"}],"wp:attachment":[{"href":"https:\/\/www.dekolonialestadtfuehrung.de\/es\/wp-json\/wp\/v2\/media?parent=31714"}],"wp:term":[{"taxonomy":"product_brand","embeddable":true,"href":"https:\/\/www.dekolonialestadtfuehrung.de\/es\/wp-json\/wp\/v2\/product_brand?post=31714"},{"taxonomy":"product_cat","embeddable":true,"href":"https:\/\/www.dekolonialestadtfuehrung.de\/es\/wp-json\/wp\/v2\/product_cat?post=31714"},{"taxonomy":"product_tag","embeddable":true,"href":"https:\/\/www.dekolonialestadtfuehrung.de\/es\/wp-json\/wp\/v2\/product_tag?post=31714"}],"curies":[{"name":"wp","href":"https:\/\/api.w.org\/{rel}","templated":true}]}}