{"id":22367,"date":"2024-03-25T15:21:19","date_gmt":"2024-03-25T14:21:19","guid":{"rendered":"https:\/\/www.dekolonialestadtfuehrung.de\/?post_type=product&#038;p=22367"},"modified":"2025-05-16T14:42:05","modified_gmt":"2025-05-16T12:42:05","slug":"arbol-de-decisiones-sobre-el-racismo-inverso-existe","status":"publish","type":"product","link":"https:\/\/www.dekolonialestadtfuehrung.de\/es\/produkt\/decision-tree-on-reverse-racism-does-it-exist\/","title":{"rendered":"\u00c1rbol de decisiones sobre el \"racismo inverso\": \u00bfexiste?"},"content":{"rendered":"<p>\"Racismo contra <em>blanco<\/em> gente\"<\/p>\n<p class=\"\" data-start=\"84\" data-end=\"596\"><strong data-start=\"84\" data-end=\"101\">Incre\u00edble:<\/strong> El partido AfD present\u00f3 una moci\u00f3n en el Bundestag el <strong data-start=\"155\" data-end=\"178\">16 de febrero de 2024<\/strong>, pidiendo un <em data-start=\"194\" data-end=\"232\">compromiso global contra el racismo<\/em>-porque, seg\u00fan ellos, <em data-start=\"261\" data-end=\"336\">\"El racismo contra los blancos es estructural y tiene ciertas consecuencias\".<\/em><br data-start=\"336\" data-end=\"339\" \/>Este relato no es nuevo: incluso <strong data-start=\"375\" data-end=\"391\">Donald Trump<\/strong> acus\u00f3 anteriormente a Sud\u00e1frica de \"discriminar a los agricultores blancos\", recurriendo a la misma ret\u00f3rica enga\u00f1osa que tergiversa el significado del racismo ignorando las din\u00e1micas de poder hist\u00f3ricas y estructurales.<\/p>\n<p class=\"\" data-start=\"598\" data-end=\"1047\"><strong data-start=\"598\" data-end=\"690\">Lea nuestras diapositivas hasta el final para saber por qu\u00e9 el \"racismo contra los blancos\" no existe.<\/strong><br data-start=\"690\" data-end=\"693\" \/>En lugar de perder tiempo y atenci\u00f3n en mociones como \u00e9sta, lo que debemos hacer es <em data-start=\"761\" data-end=\"769\">realmente<\/em> necesidad es un <strong data-start=\"780\" data-end=\"924\">Plan de acci\u00f3n sist\u00e9mico para hacer frente al racismo profundamente arraigado contra los BIPOC y las comunidades marginadas, y para luchar contra el extremismo de derechas en Alemania.<\/strong>.<br data-start=\"925\" data-end=\"928\" \/>No podemos pasar por alto el papel activo de la AfD a la hora de alimentar sentimientos racistas y permitir delitos de odio violentos en este pa\u00eds.<\/p>\n<p class=\"\" data-start=\"1049\" data-end=\"1339\">\ud83d\udc49 <strong data-start=\"1052\" data-end=\"1074\">Env\u00ede nuestra lista de control<\/strong> a alguien con quien has debatido sobre \"racismo contra los blancos\".<br data-start=\"1147\" data-end=\"1150\" \/>\ud83d\udc49 <strong data-start=\"1153\" data-end=\"1171\">\u00danete a nuestros tours<\/strong> para saber m\u00e1s sobre los or\u00edgenes, las historias y las distintas formas de racismo.<br data-start=\"1246\" data-end=\"1249\" \/>Se celebran cada <strong data-start=\"1271\" data-end=\"1339\">Viernes, s\u00e1bado y domingo a las 11.00 h (alem\u00e1n) y a las 14.00 h (ingl\u00e9s).<\/strong><\/p>\n<h4 class=\"\" data-start=\"594\" data-end=\"620\">\u2714 Claro y accesible:<\/h4>\n<ul data-start=\"621\" data-end=\"755\">\n<li class=\"\" data-start=\"621\" data-end=\"646\">\n<p class=\"\" data-start=\"623\" data-end=\"646\">\u00bfQu\u00e9 es realmente el racismo?<\/p>\n<\/li>\n<li class=\"\" data-start=\"647\" data-end=\"708\">\n<p class=\"\" data-start=\"649\" data-end=\"708\">\u00bfPor qu\u00e9 se trata de poder y estructuras y no de sentimientos personales?<\/p>\n<\/li>\n<li class=\"\" data-start=\"709\" data-end=\"755\">\n<p class=\"\" data-start=\"711\" data-end=\"755\">Por qu\u00e9 el t\u00e9rmino \"racismo inverso\" es enga\u00f1oso.<\/p>\n<\/li>\n<\/ul>\n<h4 class=\"\" data-start=\"757\" data-end=\"774\">\u2714 Ideal para:<\/h4>\n<ul data-start=\"775\" data-end=\"865\">\n<li class=\"\" data-start=\"775\" data-end=\"788\">\n<p class=\"\" data-start=\"777\" data-end=\"788\">Educadores<\/p>\n<\/li>\n<li class=\"\" data-start=\"789\" data-end=\"802\">\n<p class=\"\" data-start=\"791\" data-end=\"802\">Activistas<\/p>\n<\/li>\n<li class=\"\" data-start=\"803\" data-end=\"820\">\n<p class=\"\" data-start=\"805\" data-end=\"820\">Mentes curiosas<\/p>\n<\/li>\n<li class=\"\" data-start=\"821\" data-end=\"865\">\n<p class=\"\" data-start=\"823\" data-end=\"865\">Cualquiera cansado de interminables debates circulares.<\/p>\n<\/li>\n<\/ul>","protected":false},"excerpt":{"rendered":"<p class=\"\" data-start=\"164\" data-end=\"335\">Ya lo has o\u00eddo antes: \"\u00a1Pero los blancos tambi\u00e9n pueden sufrir racismo!\".<br data-start=\"233\" data-end=\"236\" \/>Nuestro \u00e1rbol de decisiones le ayuda a navegar por estas conversaciones con calma, claridad y argumentos s\u00f3lidos.<\/p>\n<p class=\"\" data-start=\"337\" data-end=\"592\">Mediante sencillas preguntas de s\u00ed\/no, este \u00e1rbol interactivo te gu\u00eda paso a paso por los conceptos clave del racismo, la discriminaci\u00f3n estructural y la din\u00e1mica del poder.<br data-start=\"498\" data-end=\"501\" \/>Perfecto para talleres, aulas, debates... o para esa conversaci\u00f3n delicada en la mesa.<\/p>","protected":false},"featured_media":80838,"comment_status":"closed","ping_status":"closed","template":"","meta":{"_acf_changed":false},"product_brand":[],"product_cat":[356],"product_tag":[],"class_list":{"0":"post-22367","1":"product","2":"type-product","3":"status-publish","4":"has-post-thumbnail","6":"product_cat-simple-product","8":"first","9":"instock","10":"downloadable","11":"virtual","12":"taxable","13":"purchasable","14":"product-type-simple"},"booking_location":null,"booking_location_type":null,"booking_duration":null,"booking_duration_unit":null,"booking_buffer":null,"booking_cost":null,"booking_resources":null,"acf":[],"aioseo_notices":[],"_links":{"self":[{"href":"https:\/\/www.dekolonialestadtfuehrung.de\/es\/wp-json\/wp\/v2\/product\/22367","targetHints":{"allow":["GET"]}}],"collection":[{"href":"https:\/\/www.dekolonialestadtfuehrung.de\/es\/wp-json\/wp\/v2\/product"}],"about":[{"href":"https:\/\/www.dekolonialestadtfuehrung.de\/es\/wp-json\/wp\/v2\/types\/product"}],"replies":[{"embeddable":true,"href":"https:\/\/www.dekolonialestadtfuehrung.de\/es\/wp-json\/wp\/v2\/comments?post=22367"}],"wp:featuredmedia":[{"embeddable":true,"href":"https:\/\/www.dekolonialestadtfuehrung.de\/es\/wp-json\/wp\/v2\/media\/80838"}],"wp:attachment":[{"href":"https:\/\/www.dekolonialestadtfuehrung.de\/es\/wp-json\/wp\/v2\/media?parent=22367"}],"wp:term":[{"taxonomy":"product_brand","embeddable":true,"href":"https:\/\/www.dekolonialestadtfuehrung.de\/es\/wp-json\/wp\/v2\/product_brand?post=22367"},{"taxonomy":"product_cat","embeddable":true,"href":"https:\/\/www.dekolonialestadtfuehrung.de\/es\/wp-json\/wp\/v2\/product_cat?post=22367"},{"taxonomy":"product_tag","embeddable":true,"href":"https:\/\/www.dekolonialestadtfuehrung.de\/es\/wp-json\/wp\/v2\/product_tag?post=22367"}],"curies":[{"name":"wp","href":"https:\/\/api.w.org\/{rel}","templated":true}]}}