{"id":19793,"date":"2024-02-07T10:16:50","date_gmt":"2024-02-07T09:16:50","guid":{"rendered":"https:\/\/www.dekolonialestadtfuehrung.de\/produkt\/schoeneberg\/"},"modified":"2026-04-26T09:10:54","modified_gmt":"2026-04-26T07:10:54","slug":"feminismo-queer-negro-en-berlin","status":"publish","type":"product","link":"https:\/\/www.dekolonialestadtfuehrung.de\/es\/produkt\/schwarzer-queerer-feminismus-in-berlin\/","title":{"rendered":"Feminismo negro y queer en Berl\u00edn Sch\u00f6neberg"},"content":{"rendered":"<p><!--more-->Acomp\u00e1\u00f1anos en un viaje transformador a trav\u00e9s del inspirador legado de feministas negras y queer en Alemania, Estados Unidos y el continente africano. Exploremos y comprendamos juntos el feminismo interseccional para promover la inclusi\u00f3n y derribar barreras. Nuestras visitas guiadas tambi\u00e9n se adentran en las apasionantes biograf\u00edas de activistas como May Ayim, Audre Lorde e Ika H\u00fcgel- Marshall. Fueron visionarias afroalemanas que tuvieron un impacto duradero en el movimiento de derechos humanos en Alemania.<\/p>","protected":false},"excerpt":{"rendered":"<p>Conozca el feminismo negro y queer. Descubre en qu\u00e9 se diferencia del <em>blanco<\/em> El feminismo es diferente. Ampl\u00eda tus horizontes con este emocionante y enriquecedor recorrido por el barrio de Sch\u00f6neberg.<\/p>\n<div id=\"bgLayers_comp-jnbjvzrw\" class=\"MW5IWV\" data-hook=\"bgLayers\" data-motion-part=\"BG_LAYER\">\n<div id=\"bgMedia_comp-jnbjvzrw\" class=\"VgO9Yg\" data-motion-part=\"BG_MEDIA\"><\/div>\n<\/div>\n<div class=\"\" data-mesh-id=\"comp-jnbjvzrwinlineContent\" data-testid=\"inline-content\">\n<div data-mesh-id=\"comp-jnbjvzrwinlineContent-gridContainer\" data-testid=\"mesh-container-content\">\n<div id=\"comp-jnbjue3g\" class=\"HcOXKn c9GqVL QxJLC3 comp-jnbjue3g wixui-rich-text\" data-testid=\"richTextElement\">\n<h1 class=\"font_0 wixui-rich-text__text\"><\/h1>\n<\/div>\n<div id=\"comp-jnbjxlmn\" class=\"HcOXKn c9GqVL QxJLC3 comp-jnbjxlmn wixui-rich-text\" data-testid=\"richTextElement\">\n<h3 class=\"font_3 wixui-rich-text__text\"><\/h3>\n<\/div>\n<\/div>\n<\/div>","protected":false},"featured_media":29777,"comment_status":"closed","ping_status":"closed","template":"","meta":{"_acf_changed":false},"product_brand":[],"product_cat":[71],"product_tag":[],"class_list":{"0":"post-19793","1":"product","2":"type-product","3":"status-publish","4":"has-post-thumbnail","6":"product_cat-city-tour-germany","8":"first","9":"instock","10":"virtual","11":"sold-individually","12":"taxable","13":"purchasable","14":"product-type-booking"},"booking_location":"","booking_location_type":"","booking_duration":2,"booking_duration_unit":"hour","booking_buffer":1,"booking_cost":29,"booking_resources":[31377,31378],"acf":[],"aioseo_notices":[],"_links":{"self":[{"href":"https:\/\/www.dekolonialestadtfuehrung.de\/es\/wp-json\/wp\/v2\/product\/19793","targetHints":{"allow":["GET"]}}],"collection":[{"href":"https:\/\/www.dekolonialestadtfuehrung.de\/es\/wp-json\/wp\/v2\/product"}],"about":[{"href":"https:\/\/www.dekolonialestadtfuehrung.de\/es\/wp-json\/wp\/v2\/types\/product"}],"replies":[{"embeddable":true,"href":"https:\/\/www.dekolonialestadtfuehrung.de\/es\/wp-json\/wp\/v2\/comments?post=19793"}],"wp:featuredmedia":[{"embeddable":true,"href":"https:\/\/www.dekolonialestadtfuehrung.de\/es\/wp-json\/wp\/v2\/media\/29777"}],"wp:attachment":[{"href":"https:\/\/www.dekolonialestadtfuehrung.de\/es\/wp-json\/wp\/v2\/media?parent=19793"}],"wp:term":[{"taxonomy":"product_brand","embeddable":true,"href":"https:\/\/www.dekolonialestadtfuehrung.de\/es\/wp-json\/wp\/v2\/product_brand?post=19793"},{"taxonomy":"product_cat","embeddable":true,"href":"https:\/\/www.dekolonialestadtfuehrung.de\/es\/wp-json\/wp\/v2\/product_cat?post=19793"},{"taxonomy":"product_tag","embeddable":true,"href":"https:\/\/www.dekolonialestadtfuehrung.de\/es\/wp-json\/wp\/v2\/product_tag?post=19793"}],"curies":[{"name":"wp","href":"https:\/\/api.w.org\/{rel}","templated":true}]}}