{"id":1951,"date":"2024-05-02T14:30:30","date_gmt":"2024-05-02T12:30:30","guid":{"rendered":"https:\/\/www.dekolonialestadtfuehrung.de\/produkt\/historical-walking-tour\/"},"modified":"2026-05-10T23:30:03","modified_gmt":"2026-05-10T21:30:03","slug":"descubra-el-barrio-africano","status":"publish","type":"product","link":"https:\/\/www.dekolonialestadtfuehrung.de\/es\/produkt\/entdecke-das-afrikanische-viertel\/","title":{"rendered":"Descubra el Barrio Africano"},"content":{"rendered":"<p style=\"text-align: right;\">Retroceda en el tiempo y explore el Barrio Africano y su fascinante historia.<br \/>\nDescubra por qu\u00e9 las calles de Wedding llevan nombres de ciudades o pa\u00edses africanos como Togo, Camer\u00fan o Windhoek.<br \/>\nDescubra c\u00f3mo ha influido el continente africano en la historia alemana de los \u00faltimos 140 a\u00f1os.<br \/>\nIntercambie opiniones sobre el tema de la repavimentaci\u00f3n de carreteras y conozca la resistencia al dominio colonial alem\u00e1n a trav\u00e9s de pioneros como Rudolph y Emily Manga Bell, Anna Mungunda y Cornelius Fredericks.<br \/>\nExperimente un cambio de perspectiva mientras debatimos el impacto de los acontecimientos pasados en la actualidad.<\/p>","protected":false},"excerpt":{"rendered":"<p>Acomp\u00e1\u00f1enos en una visita guiada alternativa por Berl\u00edn-Boda. Descubra la relaci\u00f3n hist\u00f3rica entre los nombres de las calles y las antiguas colonias alemanas. Conozca hechos inesperados sobre los gobernantes coloniales alemanes y emocionantes historias sobre valientes luchadores de la resistencia del continente africano.<\/p>","protected":false},"featured_media":28310,"comment_status":"closed","ping_status":"closed","template":"","meta":{"_acf_changed":false},"product_brand":[],"product_cat":[71],"product_tag":[47,48,76,77,78,45,46],"class_list":{"0":"post-1951","1":"product","2":"type-product","3":"status-publish","4":"has-post-thumbnail","6":"product_cat-city-tour-germany","7":"product_tag-africa","8":"product_tag-germany","9":"product_tag-city-tour","10":"product_tag-alternative-tour","11":"product_tag-historical-tour","12":"product_tag-citytour","13":"product_tag-colonial-history","15":"first","16":"instock","17":"virtual","18":"sold-individually","19":"taxable","20":"purchasable","21":"product-type-booking"},"booking_location":"","booking_location_type":"","booking_duration":2,"booking_duration_unit":"hour","booking_buffer":1,"booking_cost":29,"booking_resources":[31376,1251],"acf":[],"aioseo_notices":[],"_links":{"self":[{"href":"https:\/\/www.dekolonialestadtfuehrung.de\/es\/wp-json\/wp\/v2\/product\/1951","targetHints":{"allow":["GET"]}}],"collection":[{"href":"https:\/\/www.dekolonialestadtfuehrung.de\/es\/wp-json\/wp\/v2\/product"}],"about":[{"href":"https:\/\/www.dekolonialestadtfuehrung.de\/es\/wp-json\/wp\/v2\/types\/product"}],"replies":[{"embeddable":true,"href":"https:\/\/www.dekolonialestadtfuehrung.de\/es\/wp-json\/wp\/v2\/comments?post=1951"}],"wp:featuredmedia":[{"embeddable":true,"href":"https:\/\/www.dekolonialestadtfuehrung.de\/es\/wp-json\/wp\/v2\/media\/28310"}],"wp:attachment":[{"href":"https:\/\/www.dekolonialestadtfuehrung.de\/es\/wp-json\/wp\/v2\/media?parent=1951"}],"wp:term":[{"taxonomy":"product_brand","embeddable":true,"href":"https:\/\/www.dekolonialestadtfuehrung.de\/es\/wp-json\/wp\/v2\/product_brand?post=1951"},{"taxonomy":"product_cat","embeddable":true,"href":"https:\/\/www.dekolonialestadtfuehrung.de\/es\/wp-json\/wp\/v2\/product_cat?post=1951"},{"taxonomy":"product_tag","embeddable":true,"href":"https:\/\/www.dekolonialestadtfuehrung.de\/es\/wp-json\/wp\/v2\/product_tag?post=1951"}],"curies":[{"name":"wp","href":"https:\/\/api.w.org\/{rel}","templated":true}]}}