{"id":135897,"date":"2025-10-19T22:21:32","date_gmt":"2025-10-19T20:21:32","guid":{"rendered":"https:\/\/www.dekolonialestadtfuehrung.de\/?post_type=product&#038;p=135897"},"modified":"2026-01-28T21:45:46","modified_gmt":"2026-01-28T20:45:46","slug":"libro-para-colorear-sobre-los-negros-bajo-el-nacionalsocialismo","status":"publish","type":"product","link":"https:\/\/www.dekolonialestadtfuehrung.de\/es\/produkt\/malbuch-zu-schwarze-menschen-im-nationalsozialismus\/","title":{"rendered":"Libro para colorear sobre los negros bajo el nacionalsocialismo"},"content":{"rendered":"<p data-start=\"395\" data-end=\"670\"><b>El libro digital para colorear sobre la historia de la Alemania negra <\/b>es m\u00e1s que un libro para colorear descargable: es un proyecto de aprendizaje y recuerdo. De forma creativa y adaptada a los ni\u00f1os, cuenta las historias, a menudo olvidadas, de los negros que vivieron en Alemania hasta 1945, llenas de coraje, fuerza y esperanza.<\/p>\n<p data-start=\"672\" data-end=\"1040\">En este libro, los ni\u00f1os conocen a ocho personalidades extraordinarias como <strong data-start=\"742\" data-end=\"759\">Martin Dibobe<\/strong>, <strong>Josefa Boholle<\/strong> o <strong data-start=\"791\" data-end=\"806\">Lari Gilges<\/strong>, que, a pesar de la discriminaci\u00f3n de la \u00e9poca nacionalsocialista, siguieron su propio camino e hicieron historia.<\/p>\n<p data-start=\"672\" data-end=\"1040\">Aprender\u00e1s qu\u00e9 profesiones han ejercido los protagonistas para inspirarte a la hora de colorear.<\/p>\n<p data-start=\"672\" data-end=\"1040\">El libro para colorear es adecuado para ni\u00f1os a partir de 5 a\u00f1os.<\/p>\n<h3 data-start=\"1047\" data-end=\"1068\">\ud83d\udca1 <strong data-start=\"1054\" data-end=\"1068\">Ideal para:<\/strong><\/h3>\n<ul data-start=\"1069\" data-end=\"1324\">\n<li data-start=\"1069\" data-end=\"1213\">\n<p data-start=\"1071\" data-end=\"1213\"><strong data-start=\"1071\" data-end=\"1085\">Profesores<\/strong>, que abarca temas como <em data-start=\"1102\" data-end=\"1166\">Historia colonial, racismo, cultura del recuerdo o diversidad<\/em> en el aula.<\/p>\n<\/li>\n<li data-start=\"1214\" data-end=\"1324\">\n<p data-start=\"1216\" data-end=\"1324\"><strong data-start=\"1216\" data-end=\"1226\">Padres<\/strong>, que quieran ense\u00f1ar historia a sus hijos de forma creativa, cari\u00f1osa e integradora.<\/p>\n<\/li>\n<li data-start=\"1214\" data-end=\"1324\">o como <strong>Idea de regalo.<\/strong><\/li>\n<\/ul>\n<h3 data-start=\"1331\" data-end=\"1366\">\ud83d\udd8d\ufe0f <strong data-start=\"1339\" data-end=\"1366\">Lo que ofrece el libro para colorear:<\/strong><\/h3>\n<ul data-start=\"1367\" data-end=\"1680\">\n<li data-start=\"1367\" data-end=\"1469\">\n<p data-start=\"1369\" data-end=\"1469\">Retratos y breves biograf\u00edas de inspiradoras personalidades negras de la historia alemana<\/p>\n<\/li>\n<li data-start=\"1470\" data-end=\"1536\">\n<p data-start=\"1472\" data-end=\"1536\">Textos f\u00e1ciles de entender, adecuados para ni\u00f1os a partir de 8 a\u00f1os.<\/p>\n<\/li>\n<li data-start=\"1537\" data-end=\"1585\">\n<p data-start=\"1539\" data-end=\"1585\">Espacio para colorear, descubrir y pensar<\/p>\n<\/li>\n<li data-start=\"1586\" data-end=\"1680\">\n<p data-start=\"1588\" data-end=\"1680\">F\u00e1cil acceso a temas como <em data-start=\"1632\" data-end=\"1652\">Igualdad de derechos<\/em>, <em data-start=\"1654\" data-end=\"1659\">Valor<\/em> y <em data-start=\"1664\" data-end=\"1678\">Valor civil<\/em><\/p>\n<\/li>\n<\/ul>\n<h3 data-start=\"1687\" data-end=\"1726\">\u2728 <strong data-start=\"1693\" data-end=\"1726\">Por qu\u00e9 es importante este libro<\/strong><\/h3>\n<p data-start=\"1727\" data-end=\"1905\">Este libro para colorear hace visible la historia que a menudo permanece invisible. Fomenta el pensamiento cr\u00edtico, la empat\u00eda y la conciencia cultural, y demuestra que todas las historias cuentan.<\/p>\n<p data-start=\"1727\" data-end=\"1905\"><strong data-start=\"1912\" data-end=\"1983\">Juntos damos forma a la memoria: colorida, diversa y viva.<\/strong><br data-start=\"1983\" data-end=\"1986\" \/>\ud83d\udc49 \u00a1P\u00eddelo ahora y descubre la historia de la Alemania negra con los ni\u00f1os!<\/p>","protected":false},"excerpt":{"rendered":"<p data-start=\"141\" data-end=\"509\">Un libro para colorear creativo y descargable que da vida a la historia.<br data-start=\"240\" data-end=\"243\" \/>Los ni\u00f1os descubren inspiradoras personalidades negras que vivieron en Alemania: artistas valientes<em data-start=\"344\" data-end=\"361\">interior, activista<\/em>y pioneros.<br data-start=\"385\" data-end=\"388\" \/>Coloreando, aprenden sobre sus profesiones y tienen la oportunidad de dar vida con el color a historias olvidadas.<\/p>\n<p data-start=\"141\" data-end=\"509\">El libro para colorear es adecuado para ni\u00f1os a partir de 5 a\u00f1os.<\/p>\n<p data-start=\"511\" data-end=\"600\">Perfecto para <strong data-start=\"523\" data-end=\"558\">En la escuela, en clase y en casa<\/strong> - para aprender, recordar e inspirar.<\/p>","protected":false},"featured_media":135907,"comment_status":"open","ping_status":"closed","template":"","meta":{"_acf_changed":false},"product_brand":[],"product_cat":[356,369],"product_tag":[],"class_list":{"0":"post-135897","1":"product","2":"type-product","3":"status-publish","4":"has-post-thumbnail","6":"product_cat-simple-product","7":"product_cat-digitale-produkte","9":"first","10":"instock","11":"downloadable","12":"taxable","13":"shipping-taxable","14":"purchasable","15":"product-type-simple"},"booking_location":null,"booking_location_type":null,"booking_duration":null,"booking_duration_unit":null,"booking_buffer":null,"booking_cost":null,"booking_resources":null,"acf":[],"aioseo_notices":[],"_links":{"self":[{"href":"https:\/\/www.dekolonialestadtfuehrung.de\/es\/wp-json\/wp\/v2\/product\/135897","targetHints":{"allow":["GET"]}}],"collection":[{"href":"https:\/\/www.dekolonialestadtfuehrung.de\/es\/wp-json\/wp\/v2\/product"}],"about":[{"href":"https:\/\/www.dekolonialestadtfuehrung.de\/es\/wp-json\/wp\/v2\/types\/product"}],"replies":[{"embeddable":true,"href":"https:\/\/www.dekolonialestadtfuehrung.de\/es\/wp-json\/wp\/v2\/comments?post=135897"}],"wp:featuredmedia":[{"embeddable":true,"href":"https:\/\/www.dekolonialestadtfuehrung.de\/es\/wp-json\/wp\/v2\/media\/135907"}],"wp:attachment":[{"href":"https:\/\/www.dekolonialestadtfuehrung.de\/es\/wp-json\/wp\/v2\/media?parent=135897"}],"wp:term":[{"taxonomy":"product_brand","embeddable":true,"href":"https:\/\/www.dekolonialestadtfuehrung.de\/es\/wp-json\/wp\/v2\/product_brand?post=135897"},{"taxonomy":"product_cat","embeddable":true,"href":"https:\/\/www.dekolonialestadtfuehrung.de\/es\/wp-json\/wp\/v2\/product_cat?post=135897"},{"taxonomy":"product_tag","embeddable":true,"href":"https:\/\/www.dekolonialestadtfuehrung.de\/es\/wp-json\/wp\/v2\/product_tag?post=135897"}],"curies":[{"name":"wp","href":"https:\/\/api.w.org\/{rel}","templated":true}]}}