{"id":28150,"date":"2026-04-21T10:07:04","date_gmt":"2026-04-21T10:07:04","guid":{"rendered":"http:\/\/dekolonialeStadtfuehrung"},"modified":"2026-04-21T12:07:04","modified_gmt":"2026-04-21T10:07:04","slug":"imprimir","status":"publish","type":"page","link":"https:\/\/www.dekolonialestadtfuehrung.de\/es\/impressum\/","title":{"rendered":"Pie de imprenta"},"content":{"rendered":"<div  class=\"agb_content agb_imprint  notranslate\"><div>Juez Mvemba<br \/>\ndeSta- Visita a la ciudad decolonial<br \/>\nL\u00fcbeckerstra\u00dfe 19<br \/>\n10559 Berl\u00edn<br \/>\nAlemania<br \/>\n<br \/>\nTel\u00e9fono: 0152 2108 6724<br \/>\nCorreo electr\u00f3nico: info@dekolonialestadtfuehrung.de<br \/>\n<br \/>\nN\u00famero de identificaci\u00f3n fiscal: DE359098093<br \/>\n<br \/>\nResponsable en el sentido del art. 18, apdo. 2 MStV:<br \/>\nJustice Mvemba, deSta- Decolonial city tour L\u00fcbeckerstra\u00dfe 19, 10559 Berl\u00edn<br \/>\n<br \/>\nNo estamos obligados ni dispuestos a participar en procedimientos de resoluci\u00f3n de litigios ante una junta arbitral de consumo.<br \/>\n<br \/>\nMiembro de la iniciativa \"Comercio justo\".<br \/>\nPara m\u00e1s informaci\u00f3n: <a target=\"_blank\" href=\"https:\/\/www.fairness-im-handel.de\">https:\/\/www.fairness-im-handel.de<\/a><\/div><div id=\"itkanzlei_txt_copyright\" style=\"font-size: 12px; margin-top: 8em;\"><div style=\"display: inline-block; vertical-align: top; margin-left: 5px; float: right; white-space: nowrap;\">Estado: 21\/04\/2026, 12:07:00<\/div><div style=\"clear: right;\"><\/div><\/div><\/div>\n\n\n\n<p><img decoding=\"async\" src=\"https:\/\/www.it-recht-kanzlei.de\/gfx\/Logos\/logo-fairness-160.png\" alt=\"\">Miembro de la iniciativa \u201eComercio justo\u201c.<br>Para m\u00e1s informaci\u00f3n:&nbsp;<a target=\"_blank\" href=\"https:\/\/www.fairness-im-handel.de\/\" rel=\"noreferrer noopener\">https:\/\/www.fairness-im-handel.de<\/a><\/p>\n\n\n\n<p><\/p>\n\n\n\n<p><a href=\"void(0)\"><\/a><\/p>\n\n\n\n<p>Como proveedor de servicios, somos responsables de nuestros propios contenidos en estas p\u00e1ginas de conformidad con el art\u00edculo 7 (1) de la TMG (Ley alemana de medios de telecomunicaci\u00f3n) y la legislaci\u00f3n general. Sin embargo, seg\u00fan los \u00a7\u00a7 8 a 10 de la TMG, como proveedor de servicios no estamos obligados a controlar la informaci\u00f3n ajena transmitida o almacenada ni a investigar circunstancias que indiquen una actividad ilegal.<\/p>\n\n\n\n<h2 class=\"wp-block-heading\" id=\"haftungsausschluss\">Responsabilidad por los contenidos<\/h2>\n\n\n\n<p>Esto no afecta a las obligaciones de eliminar o bloquear el uso de informaci\u00f3n de conformidad con la legislaci\u00f3n general. Sin embargo, la responsabilidad a este respecto s\u00f3lo ser\u00e1 posible a partir del momento en que tengamos conocimiento de una infracci\u00f3n concreta. En cuanto tengamos conocimiento de tales infracciones, eliminaremos inmediatamente estos contenidos.<\/p>\n\n\n\n<h2 class=\"wp-block-heading\">Responsabilidad de los enlaces<\/h2>\n\n\n\n<p>Nuestro sitio web contiene enlaces a sitios web externos de terceros sobre cuyo contenido no tenemos ninguna influencia. Por lo tanto, no podemos aceptar ninguna responsabilidad por este contenido de terceros. El respectivo proveedor u operador de las p\u00e1ginas es siempre responsable del contenido de las p\u00e1ginas enlazadas. Las p\u00e1ginas enlazadas fueron revisadas en el momento de su vinculaci\u00f3n para detectar posibles infracciones legales. En el momento de establecer el enlace no se detectaron contenidos ilegales.<\/p>\n\n\n\n<p>Sin embargo, la supervisi\u00f3n permanente del contenido de las p\u00e1ginas enlazadas no es razonable sin pruebas concretas de una infracci\u00f3n. Si tenemos conocimiento de alguna infracci\u00f3n legal, eliminaremos dichos enlaces inmediatamente.<\/p>\n\n\n\n<h2 class=\"wp-block-heading\">Copyright<\/h2>\n\n\n\n<p>Los contenidos y obras creados por los operadores de estas p\u00e1ginas est\u00e1n sujetos a la legislaci\u00f3n alemana sobre derechos de autor. La reproducci\u00f3n, el procesamiento, la distribuci\u00f3n y cualquier tipo de utilizaci\u00f3n fuera de los l\u00edmites de la ley de derechos de autor requieren el consentimiento por escrito del respectivo autor o creador. Las descargas y copias de este sitio s\u00f3lo est\u00e1n permitidas para uso privado y no comercial.<\/p>\n\n\n\n<p>En la medida en que el contenido de este sitio no haya sido creado por el operador, se respetan los derechos de autor de terceros. En particular, los contenidos de terceros est\u00e1n etiquetados como tales. No obstante, si tiene conocimiento de una infracci\u00f3n de los derechos de autor, le rogamos que nos lo comunique. Si tenemos conocimiento de alguna infracci\u00f3n, eliminaremos inmediatamente dicho contenido. &amp;<\/p>\n\n\n\n<p>Todas las comparaciones realizadas por TARIFCHECK24 GmbH Zollstr. 11b 21465 Wentorf bei Hamburg Tel. 040 - 73098288 Fax 040 - 73098289 E-Mail: info@tarifcheck.de Importante: La informaci\u00f3n de este sitio web ha sido recopilada cuidadosamente y comprobada a conciencia. No obstante, no podemos garantizar la exactitud e integridad del contenido. En particular, la gu\u00eda no sustituye al asesoramiento fiscal: si tiene alguna duda sobre su caso particular, p\u00f3ngase en contacto con su asesor fiscal - o pregunte en la Agencia Tributaria.<\/p>","protected":false},"excerpt":{"rendered":"<p>Mitglied der Initiative &#8222;Fairness im Handel&#8220;.N\u00e4here Informationen:&nbsp;https:\/\/www.fairness-im-handel.de Als Diensteanbieter sind wir gem\u00e4\u00df \u00a7 7 Abs.1 TMG f\u00fcr eigene Inhalte auf diesen Seiten nach den allgemeinen Gesetzen verantwortlich. Nach \u00a7\u00a7 8 bis 10 TMG sind wir als Diensteanbieter jedoch nicht verpflichtet, \u00fcbermittelte oder gespeicherte fremde Informationen zu \u00fcberwachen oder nach Umst\u00e4nden zu forschen, die auf eine [&hellip;]<\/p>\n","protected":false},"author":17,"featured_media":1356,"parent":0,"menu_order":0,"comment_status":"closed","ping_status":"closed","template":"","meta":{"_acf_changed":false,"footnotes":""},"class_list":["post-28150","page","type-page","status-publish","has-post-thumbnail","hentry"],"acf":[],"aioseo_notices":[],"_links":{"self":[{"href":"https:\/\/www.dekolonialestadtfuehrung.de\/es\/wp-json\/wp\/v2\/pages\/28150","targetHints":{"allow":["GET"]}}],"collection":[{"href":"https:\/\/www.dekolonialestadtfuehrung.de\/es\/wp-json\/wp\/v2\/pages"}],"about":[{"href":"https:\/\/www.dekolonialestadtfuehrung.de\/es\/wp-json\/wp\/v2\/types\/page"}],"author":[{"embeddable":true,"href":"https:\/\/www.dekolonialestadtfuehrung.de\/es\/wp-json\/wp\/v2\/users\/17"}],"replies":[{"embeddable":true,"href":"https:\/\/www.dekolonialestadtfuehrung.de\/es\/wp-json\/wp\/v2\/comments?post=28150"}],"version-history":[{"count":11,"href":"https:\/\/www.dekolonialestadtfuehrung.de\/es\/wp-json\/wp\/v2\/pages\/28150\/revisions"}],"predecessor-version":[{"id":48174,"href":"https:\/\/www.dekolonialestadtfuehrung.de\/es\/wp-json\/wp\/v2\/pages\/28150\/revisions\/48174"}],"wp:featuredmedia":[{"embeddable":true,"href":"https:\/\/www.dekolonialestadtfuehrung.de\/es\/wp-json\/"}],"wp:attachment":[{"href":"https:\/\/www.dekolonialestadtfuehrung.de\/es\/wp-json\/wp\/v2\/media?parent=28150"}],"curies":[{"name":"wp","href":"https:\/\/api.w.org\/{rel}","templated":true}]}}