{"id":80851,"date":"2025-05-16T11:57:22","date_gmt":"2025-05-16T09:57:22","guid":{"rendered":"https:\/\/www.dekolonialestadtfuehrung.de\/?post_type=product&#038;p=80851"},"modified":"2025-05-16T12:00:23","modified_gmt":"2025-05-16T10:00:23","slug":"question-tree-on-reverse-racism-exists","status":"publish","type":"product","link":"https:\/\/www.dekolonialestadtfuehrung.de\/en\/produkt\/fragenbaum-zu-umgekehrten-rassismus-gibt-es-ihn\/","title":{"rendered":"Question tree on \"Reverse racism\" - Does it exist?"},"content":{"rendered":"<div class=\"flex basis-auto flex-col -mb-(--composer-overlap-px) [--composer-overlap-px:24px] grow overflow-hidden\">\n<div class=\"relative h-full\">\n<div class=\"flex h-full flex-col overflow-y-auto [scrollbar-gutter:stable_both-edges] @[84rem]\/thread:pt-(--header-height)\">\n<div class=\"@thread-xl\/thread:pt-header-height mt-1.5 flex flex-col text-sm pb-25\">\n<article class=\"text-token-text-primary w-full\" dir=\"auto\" data-testid=\"conversation-turn-12\" data-scroll-anchor=\"true\">\n<div class=\"text-base my-auto mx-auto py-5 [--thread-content-margin:--spacing(4)] @[37rem]:[--thread-content-margin:--spacing(6)] @[72rem]:[--thread-content-margin:--spacing(16)] px-(--thread-content-margin)\">\n<div class=\"[--thread-content-max-width:32rem] @[34rem]:[--thread-content-max-width:40rem] @[64rem]:[--thread-content-max-width:48rem] mx-auto flex max-w-(--thread-content-max-width) flex-1 text-base gap-4 md:gap-5 lg:gap-6 group\/turn-messages focus-visible:outline-hidden\" tabindex=\"-1\">\n<div class=\"group\/conversation-turn relative flex w-full min-w-0 flex-col agent-turn\">\n<div class=\"relative flex-col gap-1 md:gap-3\">\n<div class=\"flex max-w-full flex-col grow\">\n<div class=\"min-h-8 text-message relative flex w-full flex-col items-end gap-2 text-start break-words whitespace-normal [.text-message+&amp;]:mt-5\" dir=\"auto\" data-message-author-role=\"assistant\" data-message-id=\"9da048e5-eabe-4d8e-9afa-7389ca00e520\" data-message-model-slug=\"gpt-4o\">\n<div class=\"flex w-full flex-col gap-1 empty:hidden first:pt-[3px]\">\n<div class=\"markdown prose dark:prose-invert w-full break-words dark\">\n<p class=\"\" data-start=\"74\" data-end=\"621\"><strong data-start=\"74\" data-end=\"88\">Unfassbar:<\/strong> Die AfD hat am <strong data-start=\"104\" data-end=\"124\">16. Februar 2024<\/strong> einen Antrag im Bundestag eingereicht, in dem sie ein <em data-start=\"179\" data-end=\"219\">umfassendes Bekenntnis gegen Rassismus<\/em> fordert \u2013 weil laut ihrer Darstellung <em data-start=\"258\" data-end=\"334\">\u201eRassismus gegen wei\u00dfe Menschen strukturell ist und bestimmte Folgen hat\u201c.<\/em><br data-start=\"334\" data-end=\"337\" \/>Diese Erz\u00e4hlung ist keineswegs neu: Schon <strong data-start=\"379\" data-end=\"395\">Donald Trump<\/strong> hatte S\u00fcdafrika beschuldigt, <em data-start=\"425\" data-end=\"459\" data-is-only-node=\"\">\u201ewei\u00dfe Farmer zu diskriminieren\u201c<\/em>, und damit die gleiche irref\u00fchrende Rhetorik bedient, die den Begriff von Rassismus verdreht, indem sie historische und strukturelle Machtverh\u00e4ltnisse ignoriert.<\/p>\n<p class=\"\" data-start=\"623\" data-end=\"1174\"><strong data-start=\"623\" data-end=\"746\">Lest unsere Slides bis zum Ende, um zu verstehen, warum es &#8218;Rassismus gegen wei\u00dfe Menschen&#8216; in diesem Sinne nicht gibt.<\/strong><br data-start=\"746\" data-end=\"749\" \/>Anstatt Zeit und Aufmerksamkeit mit solchen Antr\u00e4gen zu verschwenden, brauchen wir dringend einen <strong data-start=\"847\" data-end=\"1011\">systemischen Aktionsplan gegen den tief verwurzelten Rassismus gegen\u00fcber BIPoCs und marginalisierten Gruppen \u2013 und gegen den rechten Extremismus in Deutschland.<\/strong><br data-start=\"1011\" data-end=\"1014\" \/>Wir d\u00fcrfen die aktive Rolle der AfD bei der Anheizung rassistischer Stimmungen und der Erm\u00f6glichung gewaltt\u00e4tiger Hassverbrechen in diesem Land nicht \u00fcbersehen.<\/p>\n<p class=\"\" data-start=\"1176\" data-end=\"1526\">\ud83d\udc49 <strong data-start=\"1179\" data-end=\"1290\">Schickt unsere Checkliste an Menschen, mit denen ihr \u00fcber \u201eRassismus gegen wei\u00dfe Menschen\u201c diskutiert habt.<\/strong><br data-start=\"1290\" data-end=\"1293\" \/>\ud83d\udc49 <strong data-start=\"1296\" data-end=\"1414\">Kommt zu unseren Touren, um mehr \u00fcber die Urspr\u00fcnge, Geschichten und verschiedenen Formen von Rassismus zu lernen.<\/strong><br data-start=\"1414\" data-end=\"1417\" \/>Sie finden <strong data-start=\"1428\" data-end=\"1526\">jeden Freitag, Samstag und Sonntag um 11 Uhr (auf Deutsch) und um 14 Uhr (auf Englisch) statt.<\/strong><\/p>\n<\/div>\n<\/div>\n<\/div>\n<\/div>\n<\/div>\n<\/div>\n<\/div>\n<\/div>\n<\/article>\n<\/div>\n<\/div>\n<\/div>\n<\/div>\n<div id=\"thread-bottom-container\" class=\"isolate z-3 w-full basis-auto has-data-has-thread-error:pt-2 has-data-has-thread-error:[box-shadow:var(--sharp-edge-bottom-shadow)] md:border-transparent md:pt-0 dark:border-white\/20 md:dark:border-transparent flex flex-col\">\n<div id=\"thread-bottom\">\n<div class=\"text-base mx-auto [--thread-content-margin:--spacing(4)] @[37rem]:[--thread-content-margin:--spacing(6)] @[72rem]:[--thread-content-margin:--spacing(16)] px-(--thread-content-margin)\">\n<div class=\"[--thread-content-max-width:32rem] @[34rem]:[--thread-content-max-width:40rem] @[64rem]:[--thread-content-max-width:48rem] mx-auto flex max-w-(--thread-content-max-width) flex-1 text-base gap-4 md:gap-5 lg:gap-6\">\n<div class=\"max-xs:[--force-hide-label:none] relative z-1 flex h-full max-w-full flex-1 flex-col\" aria-haspopup=\"dialog\" aria-expanded=\"false\" aria-controls=\"radix-\u00abr22\u00bb\" data-state=\"closed\">\n<form class=\"w-full [view-transition-name:var(--vt-composer)]\" data-type=\"unified-composer\">\n<div class=\"flex w-full cursor-text flex-col items-center justify-center rounded-[28px] bg-clip-padding contain-inline-size overflow-clip border-token-border-default border shadow-sm sm:shadow-lg dark:shadow-none! bg-token-bg-primary dark:bg-[#303030]\">\n<div class=\"relative flex w-full items-end px-3 py-3\">\n<div class=\"relative flex w-full flex-auto flex-col\">\n<div class=\"relative ms-1.5 grid grid-cols-[auto_minmax(0,1fr)]\">\n<div class=\"relative flex-auto bg-transparent pt-0.5\">\n<div class=\"flex flex-col justify-start\">\n<div class=\"flex min-h-12 items-start\">\n<div class=\"max-w-full min-w-0 flex-1\">\n<div class=\"_prosemirror-parent_kfgfu_2 text-token-text-primary max-h-[25dvh] max-h-52 -mx-3 px-3 overflow-auto [scrollbar-width:thin] default-browser vertical-scroll-fade-mask min-h-12 pe-3\"><span style=\"font-family: -apple-system, BlinkMacSystemFont, 'Segoe UI', Roboto, 'Helvetica Neue', Arial, 'Noto Sans', sans-serif, 'Apple Color Emoji', 'Segoe UI Emoji', 'Segoe UI Symbol', 'Noto Color Emoji';\">\u2714 Verst\u00e4ndlich erkl\u00e4rt:<\/span><\/div>\n<\/div>\n<\/div>\n<\/div>\n<\/div>\n<\/div>\n<div class=\"justify-content-end relative ms-2 flex w-full flex-auto flex-col\">\n<div class=\"flex-auto\">\n<ul data-start=\"665\" data-end=\"817\">\n<li class=\"\" data-start=\"665\" data-end=\"696\">\n<p class=\"\" data-start=\"667\" data-end=\"696\">Was ist Rassismus eigentlich?<\/p>\n<\/li>\n<li class=\"\" data-start=\"697\" data-end=\"756\">\n<p class=\"\" data-start=\"699\" data-end=\"756\">Warum geht es um Macht und Strukturen \u2013 nicht um Gef\u00fchle?<\/p>\n<\/li>\n<li class=\"\" data-start=\"757\" data-end=\"817\">\n<p class=\"\" data-start=\"759\" data-end=\"817\">Wieso der Begriff \u201eumgekehrter Rassismus\u201c irref\u00fchrend ist.<\/p>\n<\/li>\n<\/ul>\n<h4 class=\"\" data-start=\"819\" data-end=\"836\">\u2714 Ideal f\u00fcr:<\/h4>\n<ul data-start=\"837\" data-end=\"982\">\n<li class=\"\" data-start=\"837\" data-end=\"854\">\n<p class=\"\" data-start=\"839\" data-end=\"854\">P\u00e4dagog:innen<\/p>\n<\/li>\n<li class=\"\" data-start=\"855\" data-end=\"873\">\n<p class=\"\" data-start=\"857\" data-end=\"873\">Aktivist:innen<\/p>\n<\/li>\n<li class=\"\" data-start=\"874\" data-end=\"906\">\n<p class=\"\" data-start=\"876\" data-end=\"906\">Diskussionsfreudige Menschen<\/p>\n<\/li>\n<li class=\"\" data-start=\"907\" data-end=\"982\">\n<p class=\"\" data-start=\"909\" data-end=\"982\">Alle, die keine Lust mehr haben, endlose Grundsatzdiskussionen zu f\u00fchren.<\/p>\n<\/li>\n<\/ul>\n<\/div>\n<\/div>\n<div><\/div>\n<\/div>\n<\/div>\n<\/div>\n<\/form>\n<\/div>\n<\/div>\n<\/div>\n<\/div>\n<\/div>\n","protected":false},"excerpt":{"rendered":"<p class=\"\" data-start=\"203\" data-end=\"364\">You know the discussion: \"But white people can also experience racism!\" - Our question tree helps you to have such conversations in a well-founded, calm and understandable way.<\/p>\n<p class=\"\" data-start=\"366\" data-end=\"634\">With simple yes-no questions, this interactive tree guides you step by step through the most important basics of racism, structural discrimination and power relations.<br data-start=\"551\" data-end=\"554\" \/>Perfect for workshops, classrooms, debates or conversations at the kitchen table.<\/p>\n<p class=\"\" data-start=\"984\" data-end=\"998\">","protected":false},"featured_media":80839,"comment_status":"open","ping_status":"closed","template":"","meta":{"_acf_changed":false},"product_brand":[],"product_cat":[356],"product_tag":[],"class_list":{"0":"post-80851","1":"product","2":"type-product","3":"status-publish","4":"has-post-thumbnail","6":"product_cat-simple-product","8":"first","9":"instock","10":"downloadable","11":"virtual","12":"taxable","13":"purchasable","14":"product-type-simple"},"booking_location":null,"booking_location_type":null,"booking_duration":null,"booking_duration_unit":null,"booking_buffer":null,"booking_cost":null,"booking_resources":null,"acf":[],"aioseo_notices":[],"_links":{"self":[{"href":"https:\/\/www.dekolonialestadtfuehrung.de\/en\/wp-json\/wp\/v2\/product\/80851","targetHints":{"allow":["GET"]}}],"collection":[{"href":"https:\/\/www.dekolonialestadtfuehrung.de\/en\/wp-json\/wp\/v2\/product"}],"about":[{"href":"https:\/\/www.dekolonialestadtfuehrung.de\/en\/wp-json\/wp\/v2\/types\/product"}],"replies":[{"embeddable":true,"href":"https:\/\/www.dekolonialestadtfuehrung.de\/en\/wp-json\/wp\/v2\/comments?post=80851"}],"wp:featuredmedia":[{"embeddable":true,"href":"https:\/\/www.dekolonialestadtfuehrung.de\/en\/wp-json\/wp\/v2\/media\/80839"}],"wp:attachment":[{"href":"https:\/\/www.dekolonialestadtfuehrung.de\/en\/wp-json\/wp\/v2\/media?parent=80851"}],"wp:term":[{"taxonomy":"product_brand","embeddable":true,"href":"https:\/\/www.dekolonialestadtfuehrung.de\/en\/wp-json\/wp\/v2\/product_brand?post=80851"},{"taxonomy":"product_cat","embeddable":true,"href":"https:\/\/www.dekolonialestadtfuehrung.de\/en\/wp-json\/wp\/v2\/product_cat?post=80851"},{"taxonomy":"product_tag","embeddable":true,"href":"https:\/\/www.dekolonialestadtfuehrung.de\/en\/wp-json\/wp\/v2\/product_tag?post=80851"}],"curies":[{"name":"wp","href":"https:\/\/api.w.org\/{rel}","templated":true}]}}