{"id":41369,"date":"2023-09-26T00:28:14","date_gmt":"2023-09-25T22:28:14","guid":{"rendered":"https:\/\/www.dekolonialestadtfuehrung.de\/?post_type=product&#038;p=41369"},"modified":"2026-03-22T14:59:52","modified_gmt":"2026-03-22T13:59:52","slug":"decolonial-food-tour","status":"publish","type":"product","link":"https:\/\/www.dekolonialestadtfuehrung.de\/en\/produkt\/dekoloniale-food-tour\/","title":{"rendered":"Food tour with a difference: food, history &amp; a change of perspective"},"content":{"rendered":"<p><strong>A foretaste of our stops:<\/strong><\/p>\n<p>Wir starten unsere kulinarische Reise mit einer Vorspeise im Sahara Imbiss. Der arabische Einfluss im Sudan ist tiefgreifend und hat sich \u00fcber viele Jahrhunderte entwickelt. Dies ist bis heute sichtbar in Sprache, Religion, Kultur und nat\u00fcrlich in der K\u00fcche. Doch auch die britische Kolonialzeit hat den Sudan nachhaltig gepr\u00e4gt: politisch, landwirtschaftlich und kulinarisch.<\/p>\n<p>Im n\u00e4chsten Restaurant reisen wir weiter in das historische Abyssinien,- das heutige \u00c4thiopien. Gemeinsam entdecken wir, wie dieses vielf\u00e4ltige Land bis heute auch unser Leben in Deutschland beeinflusst. Denn eines unserer beliebtesten Alltagsgetr\u00e4nke hat genau hier seinen Ursprung. Du ahnst vielleicht schon welches \u2013 wir verraten es dir vor Ort.<\/p>\n<p>Unseren n\u00e4chsten Stopp halten wir noch geheim. Nur so viel: Es geht um deutsche K\u00fcche \u2013 und den globalen Einfluss eines unserer hei\u00df begehrtesten Gerichte.<\/p>\n<p>Den Abschluss bildet das Di Di Pa, ein kleines, feines Restaurant mit westafrikanischer K\u00fcche, das unsere Reise geschmacklich abrundet.<\/p>\n<p>Am Ende der Tour wirst du nicht nur neue Perspektiven gewonnen haben \u2013 sondern garantiert auch satt sein.<\/p>\n<p><strong>What you can expect:<\/strong><\/p>\n<ul data-spread=\"false\">\n<li>5 culinary stops with selected snacks<\/li>\n<li>Well-founded, easy-to-understand insights into colonial history &amp; nutrition<\/li>\n<li>Personal recommendations and real Kreuzk\u00f6lln insider spots<\/li>\n<li>A tour that fills you up: in terms of content and cuisine<\/li>\n<\/ul>\n<p>This tour replaces a meal for people with average hunger.<\/p>\n<p><strong>For all those who want more than just good food.<\/strong><br \/>\nF\u00fcr alle, die verstehen m\u00f6chten, wie Geschichte bis heute unseren Alltag pr\u00e4gt.<br \/>\nUnd f\u00fcr alle, die Lust haben, Kreuzk\u00f6lln neu zu entdecken.<\/p>\n<p>\ud83d\udc49 Sichere dir jetzt deinen Platz und erlebe Food, das nicht nur schmeckt, sondern bewegt.<\/p>","protected":false},"excerpt":{"rendered":"<p>Du fragst dich was Kolonialismus mit unserem Essen zu tun hat?<\/p>\n<p>Fancy some tasty culinary delights and want to hear a few hot facts along the way?<br \/>\nThen this tour is perfect for you!<br \/>\nThis tour will take you around the world once! Be curious.<\/p>","protected":false},"featured_media":44902,"comment_status":"closed","ping_status":"closed","template":"","meta":{"_acf_changed":false},"product_brand":[],"product_cat":[71],"product_tag":[],"class_list":{"0":"post-41369","1":"product","2":"type-product","3":"status-publish","4":"has-post-thumbnail","6":"product_cat-city-tour-germany","8":"first","9":"instock","10":"virtual","11":"sold-individually","12":"taxable","13":"purchasable","14":"product-type-booking"},"booking_location":"","booking_location_type":"","booking_duration":2,"booking_duration_unit":"hour","booking_buffer":0,"booking_cost":85,"booking_resources":[],"acf":[],"aioseo_notices":[],"_links":{"self":[{"href":"https:\/\/www.dekolonialestadtfuehrung.de\/en\/wp-json\/wp\/v2\/product\/41369","targetHints":{"allow":["GET"]}}],"collection":[{"href":"https:\/\/www.dekolonialestadtfuehrung.de\/en\/wp-json\/wp\/v2\/product"}],"about":[{"href":"https:\/\/www.dekolonialestadtfuehrung.de\/en\/wp-json\/wp\/v2\/types\/product"}],"replies":[{"embeddable":true,"href":"https:\/\/www.dekolonialestadtfuehrung.de\/en\/wp-json\/wp\/v2\/comments?post=41369"}],"wp:featuredmedia":[{"embeddable":true,"href":"https:\/\/www.dekolonialestadtfuehrung.de\/en\/wp-json\/wp\/v2\/media\/44902"}],"wp:attachment":[{"href":"https:\/\/www.dekolonialestadtfuehrung.de\/en\/wp-json\/wp\/v2\/media?parent=41369"}],"wp:term":[{"taxonomy":"product_brand","embeddable":true,"href":"https:\/\/www.dekolonialestadtfuehrung.de\/en\/wp-json\/wp\/v2\/product_brand?post=41369"},{"taxonomy":"product_cat","embeddable":true,"href":"https:\/\/www.dekolonialestadtfuehrung.de\/en\/wp-json\/wp\/v2\/product_cat?post=41369"},{"taxonomy":"product_tag","embeddable":true,"href":"https:\/\/www.dekolonialestadtfuehrung.de\/en\/wp-json\/wp\/v2\/product_tag?post=41369"}],"curies":[{"name":"wp","href":"https:\/\/api.w.org\/{rel}","templated":true}]}}